{"id":488,"date":"2024-03-27T13:33:35","date_gmt":"2024-03-27T13:33:35","guid":{"rendered":"https:\/\/wiedzmama.pl\/?page_id=488"},"modified":"2024-03-27T14:04:17","modified_gmt":"2024-03-27T14:04:17","slug":"bobas-1","status":"publish","type":"page","link":"https:\/\/wiedzmama.pl\/?page_id=488","title":{"rendered":"BOBAS 1"},"content":{"rendered":"\t\t<div data-elementor-type=\"wp-page\" data-elementor-id=\"488\" class=\"elementor elementor-488\" data-elementor-post-type=\"page\">\n\t\t\t\t\t\t\t<div class=\"elementor-element elementor-element-72e48f8 e-flex e-con-boxed e-con e-parent\" data-id=\"72e48f8\" data-element_type=\"container\" data-settings=\"{&quot;content_width&quot;:&quot;boxed&quot;}\" data-core-v316-plus=\"true\">\n\t\t\t\t\t<div class=\"e-con-inner\">\n\t\t<div class=\"elementor-element elementor-element-eb012d2 e-flex e-con-boxed e-con e-child\" data-id=\"eb012d2\" data-element_type=\"container\" data-settings=\"{&quot;background_background&quot;:&quot;classic&quot;,&quot;content_width&quot;:&quot;boxed&quot;}\">\n\t\t\t\t\t<div class=\"e-con-inner\">\n\t\t\t\t<div class=\"elementor-element elementor-element-783559b elementor-widget elementor-widget-heading\" data-id=\"783559b\" data-element_type=\"widget\" data-widget_type=\"heading.default\">\n\t\t\t\t<div class=\"elementor-widget-container\">\n\t\t\t<style>\/*! elementor - v3.18.0 - 08-12-2023 *\/\n.elementor-heading-title{padding:0;margin:0;line-height:1}.elementor-widget-heading .elementor-heading-title[class*=elementor-size-]>a{color:inherit;font-size:inherit;line-height:inherit}.elementor-widget-heading .elementor-heading-title.elementor-size-small{font-size:15px}.elementor-widget-heading .elementor-heading-title.elementor-size-medium{font-size:19px}.elementor-widget-heading .elementor-heading-title.elementor-size-large{font-size:29px}.elementor-widget-heading .elementor-heading-title.elementor-size-xl{font-size:39px}.elementor-widget-heading .elementor-heading-title.elementor-size-xxl{font-size:59px}<\/style><h2 class=\"elementor-heading-title elementor-size-default\">BOBAS 1<\/h2>\t\t<\/div>\n\t\t\t\t<\/div>\n\t\t\t\t<div class=\"elementor-element elementor-element-ba7bd14 elementor-widget elementor-widget-heading\" data-id=\"ba7bd14\" data-element_type=\"widget\" data-widget_type=\"heading.default\">\n\t\t\t\t<div class=\"elementor-widget-container\">\n\t\t\t<h2 class=\"elementor-heading-title elementor-size-default\">czyli kurs z obs\u0142ugi Bobasa<\/h2>\t\t<\/div>\n\t\t\t\t<\/div>\n\t\t\t\t<div class=\"elementor-element elementor-element-13c352d elementor-widget elementor-widget-text-editor\" data-id=\"13c352d\" data-element_type=\"widget\" data-widget_type=\"text-editor.default\">\n\t\t\t\t<div class=\"elementor-widget-container\">\n\t\t\t<style>\/*! elementor - v3.18.0 - 08-12-2023 *\/\n.elementor-widget-text-editor.elementor-drop-cap-view-stacked .elementor-drop-cap{background-color:#69727d;color:#fff}.elementor-widget-text-editor.elementor-drop-cap-view-framed .elementor-drop-cap{color:#69727d;border:3px solid;background-color:transparent}.elementor-widget-text-editor:not(.elementor-drop-cap-view-default) .elementor-drop-cap{margin-top:8px}.elementor-widget-text-editor:not(.elementor-drop-cap-view-default) .elementor-drop-cap-letter{width:1em;height:1em}.elementor-widget-text-editor .elementor-drop-cap{float:left;text-align:center;line-height:1;font-size:50px}.elementor-widget-text-editor .elementor-drop-cap-letter{display:inline-block}<\/style>\t\t\t\t<p>Zastanawiali\u015bcie si\u0119 kiedy\u015b gdzie si\u0119 podzia\u0142a instrukcja obs\u0142ugi do Waszego Bobasa? Ukradli dla \u017cartu na porod\u00f3wce czy zagin\u0119\u0142a w drodze do domu? Co robi\u0107 kiedy odkrywacie, \u017ce teraz to Wy jeste\u015bcie w pe\u0142ni odpowiedzialni za tego ma\u0142ego cz\u0142owieczka, a nie czujecie si\u0119 do tego wystarczaj\u0105co kompetentni?<\/p><p>Bez wzgl\u0119du na to czy ucz\u0119szczali\u015bcie na szko\u0142\u0119 rodzenia, czy nie, czy to pierwsze Wasze dziecko czy kolejne, czy chcecie si\u0119 nauczy\u0107 od podstaw czy tylko od\u015bwie\u017cy\u0107 i uaktualni\u0107 wiedz\u0119, ten kurs mo\u017ce by\u0107 dla Was.<\/p><p>W oparciu o najcz\u0119\u015bciej zadawane pytania oraz pojawiaj\u0105ce si\u0119 problemy wczesno niemowl\u0119ce w moim gabinecie, przygotowa\u0142am kurs, kt\u00f3ry pozwoli Ci bez zb\u0119dnego stresu w prawid\u0142owy spos\u00f3b zaopiekowa\u0107 si\u0119 swoim Bobasem.<\/p><p>Je\u015bli nurtuj\u0105 Ci\u0119 pytania \u201ejak prawid\u0142owo nosi\u0107, podnosi\u0107 czy k\u0105pa\u0107?\u201d, \u201ejak wk\u0142ada\u0107 do fotelika?\u201d \u201eo co chodzi z tym w\u0119dzide\u0142kiem?\u201d \u201eczy moje dziecko rozwija si\u0119 prawid\u0142owo? \u201d to ten kurs jest dla Ciebie!<\/p>\t\t\t\t\t\t<\/div>\n\t\t\t\t<\/div>\n\t\t\t\t<div class=\"elementor-element elementor-element-b27c40f elementor-widget elementor-widget-text-editor\" data-id=\"b27c40f\" data-element_type=\"widget\" data-widget_type=\"text-editor.default\">\n\t\t\t\t<div class=\"elementor-widget-container\">\n\t\t\t\t\t\t\t<p>Tematyka kursu dotyczy dzieci w wieku od 0 do 3 miesi\u0105ca i jest jednocze\u015bnie wst\u0119pem do tre\u015bci dotycz\u0105cych dzieci starszych. (Kurs Bobas II 0-18 m-cy w przygotowaniu). O to co zawiera kurs:<\/p>\t\t\t\t\t\t<\/div>\n\t\t\t\t<\/div>\n\t\t\t\t<div class=\"elementor-element elementor-element-fe3e98d elementor-widget elementor-widget-text-editor\" data-id=\"fe3e98d\" data-element_type=\"widget\" data-widget_type=\"text-editor.default\">\n\t\t\t\t<div class=\"elementor-widget-container\">\n\t\t\t\t\t\t\t<ul><li>Wst\u0119p czyli w trzech s\u0142owach o prawid\u0142owym rozwoju-tylko niezb\u0119dne fakty do zrozumienia tematu<\/li><li>Cz\u0119\u015b\u0107 praktyczn\u0105- prawid\u0142owa piel\u0119gnacja. A w niej; noszenie, podnoszenie, przewijanie, k\u0105panie, podawanie sobie dziecka itp.<\/li><li>Najcz\u0119stsze problemy maluszka tj. kolki, zaparcia, ulewanie, odginanie si\u0119, asymetria, zatkany kanalik \u0142zowy, problemy z karmieniem, zaburzenia snu<\/li><li>Sprawy dnia codziennego czyli jak wybra\u0107 smoczek i kiedy go odstawi\u0107, prawid\u0142owa technika wk\u0142adania do fotelika, czego dowiem si\u0119 na USG bioderek, nosi\u0107 czy nie nosi\u0107<\/li><li>Gar\u015b\u0107 przydatnej wiedzy- objawy przebod\u017acowania, czy do spacer\u00f3wki mo\u017cna si\u0119 przesi\u0105\u015b\u0107 dopiero gdy dziecko siedzi? Kiedy uda\u0107 si\u0119 do fizjoterapeuty<\/li><li>Zabawy wspomagaj\u0105ce prawid\u0142owy rozw\u00f3j<\/li><\/ul>\t\t\t\t\t\t<\/div>\n\t\t\t\t<\/div>\n\t\t\t\t\t<\/div>\n\t\t\t\t<\/div>\n\t\t<div class=\"elementor-element elementor-element-46caf72 e-flex e-con-boxed e-con e-child\" data-id=\"46caf72\" data-element_type=\"container\" data-settings=\"{&quot;background_background&quot;:&quot;classic&quot;,&quot;content_width&quot;:&quot;boxed&quot;}\">\n\t\t\t\t\t<div class=\"e-con-inner\">\n\t\t\t\t<div class=\"elementor-element elementor-element-f74d621 elementor-widget elementor-widget-heading\" data-id=\"f74d621\" data-element_type=\"widget\" data-widget_type=\"heading.default\">\n\t\t\t\t<div class=\"elementor-widget-container\">\n\t\t\t<h2 class=\"elementor-heading-title elementor-size-default\">Dla kogo?<\/h2>\t\t<\/div>\n\t\t\t\t<\/div>\n\t\t\t\t<div class=\"elementor-element elementor-element-aa8590d elementor-widget elementor-widget-text-editor\" data-id=\"aa8590d\" data-element_type=\"widget\" data-widget_type=\"text-editor.default\">\n\t\t\t\t<div class=\"elementor-widget-container\">\n\t\t\t\t\t\t\t<p>Dla mamy<\/p><p>Dla taty<\/p><p>Dla mamy i taty- przewidziana zni\u017cka<\/p><p>Je\u015bli jeste\u015b w ci\u0105\u017cy i nie ucz\u0119szczasz do szko\u0142y rodzenia lub chcia\u0142aby\u015b dowiedzie\u0107 si\u0119 wi\u0119cej<\/p><p>Je\u015bli szykujecie si\u0119 do adopcji lub w\u0142a\u015bnie adoptowali\u015bcie dziecko<\/p><p>Je\u015bli chcesz zrobi\u0107 prezent siostrze b\u0105d\u017a przyjacio\u0142om kt\u00f3rzy spodziewaj\u0105 si\u0119 dziecka<\/p>\t\t\t\t\t\t<\/div>\n\t\t\t\t<\/div>\n\t\t\t\t\t<\/div>\n\t\t\t\t<\/div>\n\t\t<div class=\"elementor-element elementor-element-cad4ba7 e-flex e-con-boxed e-con e-child\" data-id=\"cad4ba7\" data-element_type=\"container\" data-settings=\"{&quot;background_background&quot;:&quot;classic&quot;,&quot;content_width&quot;:&quot;boxed&quot;}\">\n\t\t\t\t\t<div class=\"e-con-inner\">\n\t\t\t\t<div class=\"elementor-element elementor-element-c1509fd elementor-widget elementor-widget-heading\" data-id=\"c1509fd\" data-element_type=\"widget\" data-widget_type=\"heading.default\">\n\t\t\t\t<div class=\"elementor-widget-container\">\n\t\t\t<h2 class=\"elementor-heading-title elementor-size-default\">Zapraszam do kontaktu.<\/h2>\t\t<\/div>\n\t\t\t\t<\/div>\n\t\t\t\t<div class=\"elementor-element elementor-element-8677656 elementor-widget elementor-widget-text-editor\" data-id=\"8677656\" data-element_type=\"widget\" data-widget_type=\"text-editor.default\">\n\t\t\t\t<div class=\"elementor-widget-container\">\n\t\t\t\t\t\t\t<p style=\"text-align: center;\">Termin kursu zostanie ustalony po utworzeniu grupy.<\/p><p style=\"text-align: center;\">Kurs odbywa si\u0119 bez udzia\u0142u dzieci.<\/p><p style=\"text-align: center;\">Koszt 300 z\u0142, dla par (mama i tata) przewidziana zni\u017cka<\/p><p style=\"text-align: center;\">Czas ok 3 godz. (istnieje mo\u017cliwo\u015b\u0107 nakarmienia dziecka w trakcie kursu je\u015bli zajdzie taka konieczno\u015b\u0107)<\/p><p style=\"text-align: center;\">Je\u015bli masz jakiekolwiek pytania dzwo\u0144!<\/p>\t\t\t\t\t\t<\/div>\n\t\t\t\t<\/div>\n\t\t\t\t\t<\/div>\n\t\t\t\t<\/div>\n\t\t\t\t\t<\/div>\n\t\t\t\t<\/div>\n\t\t\t\t\t\t\t<\/div>\n\t\t","protected":false},"excerpt":{"rendered":"<p>BOBAS 1 czyli kurs z obs\u0142ugi Bobasa Zastanawiali\u015bcie si\u0119 kiedy\u015b gdzie si\u0119 podzia\u0142a instrukcja obs\u0142ugi do Waszego Bobasa? Ukradli dla \u017cartu na porod\u00f3wce czy zagin\u0119\u0142a w drodze do domu? Co robi\u0107 kiedy odkrywacie, \u017ce teraz to Wy jeste\u015bcie w pe\u0142ni odpowiedzialni za tego ma\u0142ego cz\u0142owieczka, a nie czujecie si\u0119 do tego wystarczaj\u0105co kompetentni? Bez wzgl\u0119du &hellip; <\/p>\n","protected":false},"author":1,"featured_media":0,"parent":0,"menu_order":0,"comment_status":"closed","ping_status":"closed","template":"elementor_header_footer","meta":{"footnotes":""},"_links":{"self":[{"href":"https:\/\/wiedzmama.pl\/index.php?rest_route=\/wp\/v2\/pages\/488"}],"collection":[{"href":"https:\/\/wiedzmama.pl\/index.php?rest_route=\/wp\/v2\/pages"}],"about":[{"href":"https:\/\/wiedzmama.pl\/index.php?rest_route=\/wp\/v2\/types\/page"}],"author":[{"embeddable":true,"href":"https:\/\/wiedzmama.pl\/index.php?rest_route=\/wp\/v2\/users\/1"}],"replies":[{"embeddable":true,"href":"https:\/\/wiedzmama.pl\/index.php?rest_route=%2Fwp%2Fv2%2Fcomments&post=488"}],"version-history":[{"count":16,"href":"https:\/\/wiedzmama.pl\/index.php?rest_route=\/wp\/v2\/pages\/488\/revisions"}],"predecessor-version":[{"id":514,"href":"https:\/\/wiedzmama.pl\/index.php?rest_route=\/wp\/v2\/pages\/488\/revisions\/514"}],"wp:attachment":[{"href":"https:\/\/wiedzmama.pl\/index.php?rest_route=%2Fwp%2Fv2%2Fmedia&parent=488"}],"curies":[{"name":"wp","href":"https:\/\/api.w.org\/{rel}","templated":true}]}}