{"id":250,"date":"2024-01-29T09:56:35","date_gmt":"2024-01-29T09:56:35","guid":{"rendered":"https:\/\/wiedzmama.pl\/?page_id=250"},"modified":"2024-01-30T13:26:44","modified_gmt":"2024-01-30T13:26:44","slug":"kontakt","status":"publish","type":"page","link":"https:\/\/wiedzmama.pl\/?page_id=250","title":{"rendered":"Kontakt"},"content":{"rendered":"\t\t<div data-elementor-type=\"wp-page\" data-elementor-id=\"250\" class=\"elementor elementor-250\" data-elementor-post-type=\"page\">\n\t\t\t\t\t\t\t<div class=\"elementor-element elementor-element-cdd6e51 e-flex e-con-boxed e-con e-parent\" data-id=\"cdd6e51\" data-element_type=\"container\" data-settings=\"{&quot;content_width&quot;:&quot;boxed&quot;}\" data-core-v316-plus=\"true\">\n\t\t\t\t\t<div class=\"e-con-inner\">\n\t\t<div class=\"elementor-element elementor-element-7d4c61e animated-slow e-flex e-con-boxed elementor-invisible e-con e-child\" data-id=\"7d4c61e\" data-element_type=\"container\" data-settings=\"{&quot;background_background&quot;:&quot;classic&quot;,&quot;animation&quot;:&quot;fadeIn&quot;,&quot;content_width&quot;:&quot;boxed&quot;}\">\n\t\t\t\t\t<div class=\"e-con-inner\">\n\t\t\t\t<div class=\"elementor-element elementor-element-3f11aff elementor-widget elementor-widget-heading\" data-id=\"3f11aff\" data-element_type=\"widget\" data-widget_type=\"heading.default\">\n\t\t\t\t<div class=\"elementor-widget-container\">\n\t\t\t<style>\/*! elementor - v3.18.0 - 08-12-2023 *\/\n.elementor-heading-title{padding:0;margin:0;line-height:1}.elementor-widget-heading .elementor-heading-title[class*=elementor-size-]>a{color:inherit;font-size:inherit;line-height:inherit}.elementor-widget-heading .elementor-heading-title.elementor-size-small{font-size:15px}.elementor-widget-heading .elementor-heading-title.elementor-size-medium{font-size:19px}.elementor-widget-heading .elementor-heading-title.elementor-size-large{font-size:29px}.elementor-widget-heading .elementor-heading-title.elementor-size-xl{font-size:39px}.elementor-widget-heading .elementor-heading-title.elementor-size-xxl{font-size:59px}<\/style><h2 class=\"elementor-heading-title elementor-size-default\">Kontakt<\/h2>\t\t<\/div>\n\t\t\t\t<\/div>\n\t\t\t\t<div class=\"elementor-element elementor-element-ff09cb7 elementor-widget elementor-widget-text-editor\" data-id=\"ff09cb7\" data-element_type=\"widget\" data-widget_type=\"text-editor.default\">\n\t\t\t\t<div class=\"elementor-widget-container\">\n\t\t\t<style>\/*! elementor - v3.18.0 - 08-12-2023 *\/\n.elementor-widget-text-editor.elementor-drop-cap-view-stacked .elementor-drop-cap{background-color:#69727d;color:#fff}.elementor-widget-text-editor.elementor-drop-cap-view-framed .elementor-drop-cap{color:#69727d;border:3px solid;background-color:transparent}.elementor-widget-text-editor:not(.elementor-drop-cap-view-default) .elementor-drop-cap{margin-top:8px}.elementor-widget-text-editor:not(.elementor-drop-cap-view-default) .elementor-drop-cap-letter{width:1em;height:1em}.elementor-widget-text-editor .elementor-drop-cap{float:left;text-align:center;line-height:1;font-size:50px}.elementor-widget-text-editor .elementor-drop-cap-letter{display:inline-block}<\/style>\t\t\t\t<p style=\"text-align: center;\"><strong>Adres i dane kontaktowe<\/strong><\/p><p style=\"text-align: center;\">Brodzi\u0144skiego 52 43-300 Bielsko-Bia\u0142a<\/p><p style=\"text-align: center;\">G\u0142\u00f3wne wej\u015bcie do budynku. Pi\u0119tro pierwsze.<\/p><p style=\"text-align: center;\">Telefon kontaktowy 600\u00a0210\u00a0776<\/p>\t\t\t\t\t\t<\/div>\n\t\t\t\t<\/div>\n\t\t\t\t<div class=\"elementor-element elementor-element-69ba41c elementor-widget elementor-widget-heading\" data-id=\"69ba41c\" data-element_type=\"widget\" data-widget_type=\"heading.default\">\n\t\t\t\t<div class=\"elementor-widget-container\">\n\t\t\t<h2 class=\"elementor-heading-title elementor-size-default\">Umawianie wizyt<\/h2>\t\t<\/div>\n\t\t\t\t<\/div>\n\t\t\t\t<div class=\"elementor-element elementor-element-4e7437b elementor-widget elementor-widget-text-editor\" data-id=\"4e7437b\" data-element_type=\"widget\" data-widget_type=\"text-editor.default\">\n\t\t\t\t<div class=\"elementor-widget-container\">\n\t\t\t\t\t\t\t<p style=\"text-align: center;\">W celu um\u00f3wienia wizyty prosz\u0119 o kontakt telefoniczny lub przez FB <a href=\"http:\/\/www.facebook.com\/wiedzmama\/\">www.facebook.com\/wiedzmama\/<\/a><\/p>\n<p style=\"text-align: center;\">Nr konta 88 1050 1070 1000 0097 3115 6189<\/p>\n<p style=\"text-align: center;\">W tytule prosz\u0119 o wpisanie :<\/p>\n<p style=\"text-align: center;\">imi\u0119 i nazwisko dziecka- je\u015bli dotyczy fizjoterapii<\/p>\n<p style=\"text-align: center;\">&nbsp;nazw\u0119 kursu, termin oraz imi\u0119 i nazwisko uczestnika- je\u015bli dotyczy szkolenia<\/p>\t\t\t\t\t\t<\/div>\n\t\t\t\t<\/div>\n\t\t\t\t\t<\/div>\n\t\t\t\t<\/div>\n\t\t\t\t\t<\/div>\n\t\t\t\t<\/div>\n\t\t\t\t\t\t\t<\/div>\n\t\t","protected":false},"excerpt":{"rendered":"<p>Kontakt Adres i dane kontaktowe Brodzi\u0144skiego 52 43-300 Bielsko-Bia\u0142a G\u0142\u00f3wne wej\u015bcie do budynku. Pi\u0119tro pierwsze. Telefon kontaktowy 600\u00a0210\u00a0776 Umawianie wizyt W celu um\u00f3wienia wizyty prosz\u0119 o kontakt telefoniczny lub przez FB www.facebook.com\/wiedzmama\/ Nr konta 88 1050 1070 1000 0097 3115 6189 W tytule prosz\u0119 o wpisanie : imi\u0119 i nazwisko dziecka- je\u015bli dotyczy fizjoterapii &nbsp;nazw\u0119 &hellip; <\/p>\n","protected":false},"author":1,"featured_media":0,"parent":0,"menu_order":0,"comment_status":"closed","ping_status":"closed","template":"elementor_header_footer","meta":{"footnotes":""},"_links":{"self":[{"href":"https:\/\/wiedzmama.pl\/index.php?rest_route=\/wp\/v2\/pages\/250"}],"collection":[{"href":"https:\/\/wiedzmama.pl\/index.php?rest_route=\/wp\/v2\/pages"}],"about":[{"href":"https:\/\/wiedzmama.pl\/index.php?rest_route=\/wp\/v2\/types\/page"}],"author":[{"embeddable":true,"href":"https:\/\/wiedzmama.pl\/index.php?rest_route=\/wp\/v2\/users\/1"}],"replies":[{"embeddable":true,"href":"https:\/\/wiedzmama.pl\/index.php?rest_route=%2Fwp%2Fv2%2Fcomments&post=250"}],"version-history":[{"count":10,"href":"https:\/\/wiedzmama.pl\/index.php?rest_route=\/wp\/v2\/pages\/250\/revisions"}],"predecessor-version":[{"id":372,"href":"https:\/\/wiedzmama.pl\/index.php?rest_route=\/wp\/v2\/pages\/250\/revisions\/372"}],"wp:attachment":[{"href":"https:\/\/wiedzmama.pl\/index.php?rest_route=%2Fwp%2Fv2%2Fmedia&parent=250"}],"curies":[{"name":"wp","href":"https:\/\/api.w.org\/{rel}","templated":true}]}}